{"id":639,"date":"2025-06-03T01:37:18","date_gmt":"2025-06-02T23:37:18","guid":{"rendered":"https:\/\/osiumadventures.com\/?post_type=product&#038;p=639"},"modified":"2025-06-10T21:15:54","modified_gmt":"2025-06-10T19:15:54","slug":"%f0%9f%9b%a5%ef%b8%8f-alquiler-de-barco-sin-licencia-8-horas-zarpa-hacia-la-aventura","status":"publish","type":"product","link":"https:\/\/osiumadventures.com\/en\/product\/%f0%9f%9b%a5%ef%b8%8f-alquiler-de-barco-sin-licencia-8-horas-zarpa-hacia-la-aventura\/","title":{"rendered":"\ud83d\udee5\ufe0f License-Free Boat Rental \u2013 8 Hours \u2013 Set Sail for Adventure!"},"content":{"rendered":"<p class=\"p1 translation-block\">Sail freely on a license-free boat. <br>\nFor up to 6 people, explore the coves of southwest Mallorca. <br>\nRental for 4 or 8 hours. <br>\nSafety instructions included. Fuel not included. <br>\nBook your license-free boat now!<\/p>\n<p class=\"p1\">","protected":false},"excerpt":{"rendered":"<p>\u00a1Zarpa <b>sin licencia<\/b> y descubre la <b>costa salvaje del suroeste de Mallorca<\/b> a tu ritmo!<br \/>\nNuestros barcos son f\u00e1ciles de manejar y admiten hasta <b>6 personas<\/b> para salidas de <b>4H o 8H<\/b>.<br \/>\n<span class=\"s1\">\ud83c\udf05<\/span> Rel\u00e1jate, b\u00e1\u00f1ate y explora calas secretas\u2026 <b>Nunca fue tan f\u00e1cil vivir la libertad.<\/b><\/p>","protected":false},"featured_media":185,"template":"","meta":{"site-sidebar-layout":"default","site-content-layout":"","ast-site-content-layout":"default","site-content-style":"default","site-sidebar-style":"default","ast-global-header-display":"","ast-banner-title-visibility":"","ast-main-header-display":"","ast-hfb-above-header-display":"","ast-hfb-below-header-display":"","ast-hfb-mobile-header-display":"","site-post-title":"","ast-breadcrumbs-content":"","ast-featured-img":"","footer-sml-layout":"","theme-transparent-header-meta":"default","adv-header-id-meta":"","stick-header-meta":"","header-above-stick-meta":"","header-main-stick-meta":"","header-below-stick-meta":"","astra-migrate-meta-layouts":"set","ast-page-background-enabled":"default","ast-page-background-meta":{"desktop":{"background-color":"var(--ast-global-color-5)","background-image":"","background-repeat":"repeat","background-position":"center center","background-size":"auto","background-attachment":"scroll","background-type":"","background-media":"","overlay-type":"","overlay-color":"","overlay-opacity":"","overlay-gradient":""},"tablet":{"background-color":"","background-image":"","background-repeat":"repeat","background-position":"center center","background-size":"auto","background-attachment":"scroll","background-type":"","background-media":"","overlay-type":"","overlay-color":"","overlay-opacity":"","overlay-gradient":""},"mobile":{"background-color":"","background-image":"","background-repeat":"repeat","background-position":"center center","background-size":"auto","background-attachment":"scroll","background-type":"","background-media":"","overlay-type":"","overlay-color":"","overlay-opacity":"","overlay-gradient":""}},"ast-content-background-meta":{"desktop":{"background-color":"var(--ast-global-color-4)","background-image":"","background-repeat":"repeat","background-position":"center center","background-size":"auto","background-attachment":"scroll","background-type":"","background-media":"","overlay-type":"","overlay-color":"","overlay-opacity":"","overlay-gradient":""},"tablet":{"background-color":"var(--ast-global-color-4)","background-image":"","background-repeat":"repeat","background-position":"center center","background-size":"auto","background-attachment":"scroll","background-type":"","background-media":"","overlay-type":"","overlay-color":"","overlay-opacity":"","overlay-gradient":""},"mobile":{"background-color":"var(--ast-global-color-4)","background-image":"","background-repeat":"repeat","background-position":"center center","background-size":"auto","background-attachment":"scroll","background-type":"","background-media":"","overlay-type":"","overlay-color":"","overlay-opacity":"","overlay-gradient":""}},"_joinchat":[]},"product_brand":[],"product_cat":[15],"product_tag":[],"class_list":{"0":"post-639","1":"product","2":"type-product","3":"status-publish","4":"has-post-thumbnail","6":"product_cat-actividades","7":"desktop-align-left","8":"tablet-align-left","9":"mobile-align-left","11":"first","12":"instock","13":"virtual","14":"sold-individually","15":"purchasable","16":"product-type-booking"},"_links":{"self":[{"href":"https:\/\/osiumadventures.com\/en\/wp-json\/wp\/v2\/product\/639","targetHints":{"allow":["GET"]}}],"collection":[{"href":"https:\/\/osiumadventures.com\/en\/wp-json\/wp\/v2\/product"}],"about":[{"href":"https:\/\/osiumadventures.com\/en\/wp-json\/wp\/v2\/types\/product"}],"version-history":[{"count":0,"href":"https:\/\/osiumadventures.com\/en\/wp-json\/wp\/v2\/product\/639\/revisions"}],"wp:featuredmedia":[{"embeddable":true,"href":"https:\/\/osiumadventures.com\/en\/wp-json\/wp\/v2\/media\/185"}],"wp:attachment":[{"href":"https:\/\/osiumadventures.com\/en\/wp-json\/wp\/v2\/media?parent=639"}],"wp:term":[{"taxonomy":"product_brand","embeddable":true,"href":"https:\/\/osiumadventures.com\/en\/wp-json\/wp\/v2\/product_brand?post=639"},{"taxonomy":"product_cat","embeddable":true,"href":"https:\/\/osiumadventures.com\/en\/wp-json\/wp\/v2\/product_cat?post=639"},{"taxonomy":"product_tag","embeddable":true,"href":"https:\/\/osiumadventures.com\/en\/wp-json\/wp\/v2\/product_tag?post=639"}],"curies":[{"name":"wp","href":"https:\/\/api.w.org\/{rel}","templated":true}]}}